{"id":1305,"date":"2026-01-15T11:51:39","date_gmt":"2026-01-15T10:51:39","guid":{"rendered":"https:\/\/guitarrasgenisprat.com\/contact\/"},"modified":"2026-01-15T11:51:41","modified_gmt":"2026-01-15T10:51:41","slug":"contact","status":"publish","type":"page","link":"http:\/\/guitarrasgenisprat.com\/fr\/contact\/","title":{"rendered":"Contact"},"content":{"rendered":"\n<style type=\"text\/css\" data-created_by=\"avia_inline_auto\" id=\"style-css-av-miot1vki-499d41d6e657dfd216a998ee27a062e5\">\n.avia-section.av-miot1vki-499d41d6e657dfd216a998ee27a062e5{\nbackground-repeat:no-repeat;\nbackground-image:url(http:\/\/guitarrasgenisprat.com\/wp-content\/uploads\/2025\/11\/guitarras-genis-prat-146.jpg);\nbackground-position:50% 50%;\nbackground-attachment:scroll;\n}\n.avia-section.av-miot1vki-499d41d6e657dfd216a998ee27a062e5 .av-section-color-overlay{\nopacity:0.5;\nbackground-color:#0a0a0a;\n}\n<\/style>\n<div id='av_section_1'  class='avia-section av-miot1vki-499d41d6e657dfd216a998ee27a062e5 main_color avia-section-default avia-no-border-styling  avia-builder-el-0  el_before_av_section  avia-builder-el-first  avia-full-stretch avia-bg-style-scroll av-section-color-overlay-active av-minimum-height av-minimum-height-35 av-height-percent  container_wrap fullsize'  data-section-bg-repeat='stretch' data-av_minimum_height_pc='35' data-av_min_height_opt='percent'><div class=\"av-section-color-overlay-wrap\"><div class=\"av-section-color-overlay\"><\/div><div class='container av-section-cont-open' ><main  role=\"main\" itemprop=\"mainContentOfPage\"  class='template-page content  av-content-full alpha units'><div class='post-entry post-entry-type-page post-entry-1305'><div class='entry-content-wrapper clearfix'>\n\n\n<\/div><\/div><\/main><!-- close content main element --><\/div><\/div><\/div><div id='av_section_2'  class='avia-section av-gevjc-f3b25801294d0c1dc1a927edb1e631a7 main_color avia-section-default avia-no-border-styling  avia-builder-el-2  el_after_av_section  el_before_av_one_third  avia-bg-style-scroll container_wrap fullsize'  ><div class='container av-section-cont-open' ><div class='template-page content  av-content-full alpha units'><div class='post-entry post-entry-type-page post-entry-1305'><div class='entry-content-wrapper clearfix'>\n<div  class='flex_column av-1lh58-eddadbac90c69fc43c487aa29909b809 av_one_fifth  avia-builder-el-3  el_before_av_three_fifth  avia-builder-el-first  first flex_column_div  '     ><\/div><div  class='flex_column av-f2oqk-a2668817a10c26b53e02d486b7b2cc89 av_three_fifth  avia-builder-el-4  el_after_av_one_fifth  avia-builder-el-last  flex_column_div  '     ><p>\n<style type=\"text\/css\" data-created_by=\"avia_inline_auto\" id=\"style-css-av-38tw-2dda39d91ec58d55e0dc6648d59db031\">\n#top .hr.hr-invisible.av-38tw-2dda39d91ec58d55e0dc6648d59db031{\nheight:25px;\n}\n<\/style>\n<div  class='hr av-38tw-2dda39d91ec58d55e0dc6648d59db031 hr-invisible  avia-builder-el-5  el_before_av_heading  avia-builder-el-first '><span class='hr-inner '><span class=\"hr-inner-style\"><\/span><\/span><\/div><br \/>\n\n<style type=\"text\/css\" data-created_by=\"avia_inline_auto\" id=\"style-css-av-e1214-7cde8f8b73e9b7836151bfb6ebb7920e\">\n#top .av-special-heading.av-e1214-7cde8f8b73e9b7836151bfb6ebb7920e{\npadding-bottom:10px;\n}\nbody .av-special-heading.av-e1214-7cde8f8b73e9b7836151bfb6ebb7920e .av-special-heading-tag .heading-char{\nfont-size:25px;\n}\n.av-special-heading.av-e1214-7cde8f8b73e9b7836151bfb6ebb7920e .av-subheading{\nfont-size:15px;\n}\n<\/style>\n<div  class='av-special-heading av-e1214-7cde8f8b73e9b7836151bfb6ebb7920e av-special-heading-h1 blockquote modern-quote modern-centered  avia-builder-el-6  el_after_av_hr  el_before_av_textblock '><h1 class='av-special-heading-tag '  itemprop=\"headline\"  >Contactez-nous<\/h1><div class=\"special-heading-border\"><div class=\"special-heading-inner-border\"><\/div><\/div><\/div><br \/>\n<section  class='av_textblock_section av-do6rc-8ddf194cd2b5ea9a69d2aa398466b39d '   itemscope=\"itemscope\" itemtype=\"https:\/\/schema.org\/CreativeWork\" ><div class='avia_textblock'  itemprop=\"text\" ><p style=\"text-align: center;\">Que vous recherchiez des conseils ou souhaitiez obtenir plus de d\u00e9tails sur un instrument, nous sommes l\u00e0 pour vous aider avec un traitement direct et fiable.<\/p>\n<\/div><\/section><\/p><\/div>\n<\/div><\/div><\/div><!-- close content main div --><\/div><\/div><div id='after_section_2'  class='main_color av_default_container_wrap container_wrap fullsize'  ><div class='container av-section-cont-open' ><div class='template-page content  av-content-full alpha units'><div class='post-entry post-entry-type-page post-entry-1305'><div class='entry-content-wrapper clearfix'>\n\n<style type=\"text\/css\" data-created_by=\"avia_inline_auto\" id=\"style-css-av-2yz0g-d0effa69da05731e2ea0140f08c8db5c\">\n.flex_column.av-2yz0g-d0effa69da05731e2ea0140f08c8db5c{\nborder-radius:0px 0px 0px 0px;\npadding:0px 0px 0px 0px;\n}\n<\/style>\n<div  class='flex_column av-2yz0g-d0effa69da05731e2ea0140f08c8db5c av_one_third  avia-builder-el-8  el_after_av_section  el_before_av_two_third  avia-builder-el-first  first flex_column_div av-zero-column-padding  '     ><p>\n<style type=\"text\/css\" data-created_by=\"avia_inline_auto\" id=\"style-css-av-miot8nla-fd9d9d9bc65801b5d719b2e8cfbf36f9\">\n.avia-image-container.av-miot8nla-fd9d9d9bc65801b5d719b2e8cfbf36f9 img.avia_image{\nbox-shadow:none;\n}\n.avia-image-container.av-miot8nla-fd9d9d9bc65801b5d719b2e8cfbf36f9 .av-image-caption-overlay-center{\ncolor:#ffffff;\n}\n<\/style>\n<div  class='avia-image-container av-miot8nla-fd9d9d9bc65801b5d719b2e8cfbf36f9 av-styling- avia-align-center  avia-builder-el-9  el_before_av_hr  avia-builder-el-first '   itemprop=\"image\" itemscope=\"itemscope\" itemtype=\"https:\/\/schema.org\/ImageObject\" ><div class=\"avia-image-container-inner\"><div class=\"avia-image-overlay-wrap\"><img decoding=\"async\" fetchpriority=\"high\" class='wp-image-1306 avia-img-lazy-loading-not-1306 avia_image ' src=\"http:\/\/guitarrasgenisprat.com\/wp-content\/uploads\/2025\/12\/Normal1.png\" alt='Contact' title='Contact'  height=\"391\" width=\"1053\"  itemprop=\"thumbnailUrl\" srcset=\"http:\/\/guitarrasgenisprat.com\/wp-content\/uploads\/2025\/12\/Normal1.png 1053w, http:\/\/guitarrasgenisprat.com\/wp-content\/uploads\/2025\/12\/Normal1-300x111.png 300w, http:\/\/guitarrasgenisprat.com\/wp-content\/uploads\/2025\/12\/Normal1-1030x382.png 1030w, http:\/\/guitarrasgenisprat.com\/wp-content\/uploads\/2025\/12\/Normal1-768x285.png 768w, http:\/\/guitarrasgenisprat.com\/wp-content\/uploads\/2025\/12\/Normal1-705x262.png 705w\" sizes=\"(max-width: 1053px) 100vw, 1053px\" \/><\/div><\/div><\/div><br \/>\n\n<style type=\"text\/css\" data-created_by=\"avia_inline_auto\" id=\"style-css-av-m10fsfh3-ef5f61c690390b0a6d3d698304aca855\">\n#top .hr.hr-invisible.av-m10fsfh3-ef5f61c690390b0a6d3d698304aca855{\nheight:50px;\n}\n<\/style>\n<div  class='hr av-m10fsfh3-ef5f61c690390b0a6d3d698304aca855 hr-invisible  avia-builder-el-10  el_after_av_image  el_before_av_textblock '><span class='hr-inner '><span class=\"hr-inner-style\"><\/span><\/span><\/div><br \/>\n<section  class='av_textblock_section av-miotcjwj-fbba32a4560a5f323fd4165a8ea28ebf '   itemscope=\"itemscope\" itemtype=\"https:\/\/schema.org\/CreativeWork\" ><div class='avia_textblock'  itemprop=\"text\" >\n<style type=\"text\/css\" data-created_by=\"avia_inline_auto\" id=\"style-css-av-22yrw-815c78d8ebde3b04950a95bbca81bdcb\">\n.av_font_icon.av-22yrw-815c78d8ebde3b04950a95bbca81bdcb .av-icon-char{\nfont-size:24px;\nline-height:24px;\n}\n<\/style>\n<span  class='av_font_icon av-22yrw-815c78d8ebde3b04950a95bbca81bdcb avia_animate_when_visible av-icon-style- avia-icon-pos-left avia-iconfont avia-font-entypo-fontello av-no-color avia-icon-animate'><span class='av-icon-char' data-av_icon='\ue842' data-av_iconfont='entypo-fontello' aria-hidden=\"true\" ><\/span><\/span>\n<p>Rue Cami Garreta, 79A, 08600 Berga, Barcelone<\/p>\n\n<style type=\"text\/css\" data-created_by=\"avia_inline_auto\" id=\"style-css-av-1adu8-e6bd01d7178973f2db4fa5742772103e\">\n.av_font_icon.av-1adu8-e6bd01d7178973f2db4fa5742772103e .av-icon-char{\nfont-size:16px;\nline-height:16px;\n}\n<\/style>\n<span  class='av_font_icon av-1adu8-e6bd01d7178973f2db4fa5742772103e avia_animate_when_visible av-icon-style- avia-icon-pos-left avia-iconfont avia-font-entypo-fontello av-no-color avia-icon-animate'><span class='av-icon-char' data-av_icon='\ue854' data-av_iconfont='entypo-fontello' aria-hidden=\"true\" ><\/span><\/span>\n<p><a href=\"tel:988220112\">938 220 112<\/a><\/p>\n\n<style type=\"text\/css\" data-created_by=\"avia_inline_auto\" id=\"style-css-av-15yys-2378b55dd6195ec7e39a391138073274\">\n.av_font_icon.av-15yys-2378b55dd6195ec7e39a391138073274 .av-icon-char{\nfont-size:19px;\nline-height:19px;\n}\n<\/style>\n<span  class='av_font_icon av-15yys-2378b55dd6195ec7e39a391138073274 avia_animate_when_visible av-icon-style- avia-icon-pos-left avia-iconfont avia-font-entypo-fontello av-no-color avia-icon-animate'><span class='av-icon-char' data-av_icon='\ue805' data-av_iconfont='entypo-fontello' aria-hidden=\"true\" ><\/span><\/span>\n<p><a href=\"mailto:info@guitarrasgenisprat.com\">info@guitarrasgenisprat.com<\/a><\/p>\n<\/div><\/section><\/p><\/div>\n\n<style type=\"text\/css\" data-created_by=\"avia_inline_auto\" id=\"style-css-av-6hslk-4b36f880a3807f36abc962ad12149860\">\n.flex_column.av-6hslk-4b36f880a3807f36abc962ad12149860{\nborder-radius:0px 0px 0px 0px;\npadding:0px 0px 0px 0px;\n}\n<\/style>\n<div  class='flex_column av-6hslk-4b36f880a3807f36abc962ad12149860 av_two_third  avia-builder-el-15  el_after_av_one_third  el_before_av_google_map  avia-builder-el-last  flex_column_div av-zero-column-padding  '     ><form action=\"http:\/\/guitarrasgenisprat.com\/fr\/contact\/\" method=\"post\" data-fields-with-error=\"Found errors in the following field(s):\" class=\"avia_ajax_form av-form-labels-hidden   avia-builder-el-16  avia-builder-el-no-sibling   \" data-avia-form-id=\"1\" data-avia-redirect='' ><fieldset><p class='  first_form  form_element form_fullwidth' id='element_avia_1_1'><label for=\"avia_1_1\">Nom <abbr class=\"required\" title=\"required\">*<\/abbr><\/label> <input name=\"avia_1_1\" class=\"text_input is_empty\" type=\"text\" id=\"avia_1_1\" value=\"\"  placeholder='Nom*'\/><\/p><p class='  first_form  form_element form_element_half' id='element_avia_2_1'><label for=\"avia_2_1\">E-mail <abbr class=\"required\" title=\"required\">*<\/abbr><\/label> <input name=\"avia_2_1\" class=\"text_input is_email\" type=\"text\" id=\"avia_2_1\" value=\"\"  placeholder='E-mail*'\/><\/p><p class='  form_element form_element_half' id='element_avia_3_1'><label for=\"avia_3_1\">T\u00e9l\u00e9phone<\/label> <input name=\"avia_3_1\" class=\"text_input \" type=\"text\" id=\"avia_3_1\" value=\"\"  placeholder='T\u00e9l\u00e9phone'\/><\/p><p class='  first_form  form_element form_fullwidth' id='element_avia_4_1'><label for=\"avia_4_1\" class=\"textare_label hidden textare_label_avia_4_1\">Message <abbr class=\"required\" title=\"required\">*<\/abbr><\/label><textarea  placeholder='Message*' name=\"avia_4_1\" class=\"text_area is_empty\" cols=\"40\" rows=\"7\" id=\"avia_4_1\" ><\/textarea><\/p><p class=\"hidden\"><input type=\"text\" name=\"avia_5_1\" class=\"hidden \" id=\"avia_5_1\" value=\"\" \/><\/p><div id='avia_6_1' class='av-recaptcha-area  first_form  form_element form_fullwidth av-last-visible-form-element '  data-container_class=\"\" data-custom_class=\"\" data-context=\"av_contact_form\" data-token_input=\"av_recaptcha_token\" data-version=\"avia_recaptcha_v3\" data-theme=\"light\" data-size=\"normal\" data-score=\"0.5\" data-text_to_preview=\"\" data-value=\"\"><div class=\"av-google-badge-message hidden\">This site is protected by reCAPTCHA and the Google <a href=\"https:\/\/policies.google.com\/privacy\">Privacy Policy<\/a> and <a href=\"https:\/\/policies.google.com\/terms\">Terms of Service<\/a> apply.<\/div><\/div><p class=' av_form_privacy_check av_contact_privacy_check first_form  form_element form_fullwidth' id='element_avia_7_1'><input  name=\"avia_7_1\" class=\"input_checkbox is_empty\" type=\"checkbox\" id=\"avia_7_1\" value=\"true\"\/><label class=\"input_checkbox_label\" for=\"avia_7_1\">J'accepte les termes et conditions \u00e9nonc\u00e9s dans la <a href='http:\/\/guitarrasgenisprat.com\/politica-de-privacitat\/' target='_blank'> Politique de confidentialit\u00e9<\/a> <abbr class=\"required\" title=\"required\">*<\/abbr><\/label><\/p><p class=\"form_element \"><input type=\"hidden\" value=\"1\" name=\"avia_generated_form1\" \/><input type=\"submit\" value=\"Envoyer\" class=\"button\"  data-sending-label=\"Sending\"\/><\/p><\/fieldset><div class=\"avia-disabled-form\">This contact form is deactivated because you refused to accept Google reCaptcha service which is necessary to validate any messages sent by the form.<\/div><\/form><div id=\"ajaxresponse_1\" class=\"ajaxresponse ajaxresponse_1 hidden\"><\/div><\/div><div  class='av_gmaps_sc_main_wrap av_gmaps_main_wrap '><div id='av_gmap_0' class='avia-google-map-container avia-google-map-sc av_gmaps_show_unconditionally av-no-fallback-img ' data-mapid='av_gmap_0'  style='height: 400px;'><a class=\"av_gmaps_browser_disabled av_text_confirm_link av_text_confirm_link_visible\" href=\"https:\/\/www.google.com\/maps\/search\/?api=1&#038;query=Rue%20Cami%20Garreta,%2079A,%2008600%20Berga,%20Barcelone%2008600%20Berga%20Barcelona%20Espagne\" target=\"_blank\">Maps were disabled by the visitor on this site. Click to open the map in a new window.<\/a><\/div><\/div><\/p>\n","protected":false},"excerpt":{"rendered":"","protected":false},"author":3,"featured_media":0,"parent":0,"menu_order":0,"comment_status":"closed","ping_status":"closed","template":"","meta":{"footnotes":""},"class_list":["post-1305","page","type-page","status-publish","hentry"],"yoast_head":"<!-- This site is optimized with the Yoast SEO plugin v27.5 - https:\/\/yoast.com\/product\/yoast-seo-wordpress\/ -->\n<title>Contactez le magasin de sak\u00e9<\/title>\n<meta name=\"description\" content=\"N&#039;h\u00e9sitez pas \u00e0 nous contacter si vous avez des questions concernant notre sak\u00e9 artisanal.\" \/>\n<meta name=\"robots\" content=\"index, follow, max-snippet:-1, max-image-preview:large, max-video-preview:-1\" \/>\n<link rel=\"canonical\" href=\"http:\/\/guitarrasgenisprat.com\/fr\/contact\/\" \/>\n<meta property=\"og:locale\" content=\"fr_FR\" \/>\n<meta property=\"og:type\" content=\"article\" \/>\n<meta property=\"og:title\" content=\"Contactez le magasin de sak\u00e9\" \/>\n<meta property=\"og:description\" content=\"N&#039;h\u00e9sitez pas \u00e0 nous contacter si vous avez des questions concernant notre sak\u00e9 artisanal.\" \/>\n<meta property=\"og:url\" content=\"http:\/\/guitarrasgenisprat.com\/fr\/contact\/\" \/>\n<meta property=\"og:site_name\" content=\"Guitarrasgenisprat\" \/>\n<meta property=\"article:modified_time\" content=\"2026-01-15T10:51:41+00:00\" \/>\n<meta name=\"twitter:card\" content=\"summary_large_image\" \/>\n<meta name=\"twitter:label1\" content=\"Dur\u00e9e de lecture estim\u00e9e\" \/>\n\t<meta name=\"twitter:data1\" content=\"17 minutes\" \/>\n<script type=\"application\/ld+json\" class=\"yoast-schema-graph\">{\"@context\":\"https:\\\/\\\/schema.org\",\"@graph\":[{\"@type\":\"WebPage\",\"@id\":\"http:\\\/\\\/guitarrasgenisprat.com\\\/fr\\\/contact\\\/\",\"url\":\"http:\\\/\\\/guitarrasgenisprat.com\\\/fr\\\/contact\\\/\",\"name\":\"Contactez le magasin de sak\u00e9\",\"isPartOf\":{\"@id\":\"https:\\\/\\\/guitarrasgenisprat.com\\\/fr\\\/#website\"},\"datePublished\":\"2026-01-15T10:51:39+00:00\",\"dateModified\":\"2026-01-15T10:51:41+00:00\",\"description\":\"N'h\u00e9sitez pas \u00e0 nous contacter si vous avez des questions concernant notre sak\u00e9 artisanal.\",\"breadcrumb\":{\"@id\":\"http:\\\/\\\/guitarrasgenisprat.com\\\/fr\\\/contact\\\/#breadcrumb\"},\"inLanguage\":\"fr-FR\",\"potentialAction\":[{\"@type\":\"ReadAction\",\"target\":[\"http:\\\/\\\/guitarrasgenisprat.com\\\/fr\\\/contact\\\/\"]}]},{\"@type\":\"BreadcrumbList\",\"@id\":\"http:\\\/\\\/guitarrasgenisprat.com\\\/fr\\\/contact\\\/#breadcrumb\",\"itemListElement\":[{\"@type\":\"ListItem\",\"position\":1,\"name\":\"Inici\",\"item\":\"https:\\\/\\\/guitarrasgenisprat.com\\\/fr\\\/\"},{\"@type\":\"ListItem\",\"position\":2,\"name\":\"Contact\"}]},{\"@type\":\"WebSite\",\"@id\":\"https:\\\/\\\/guitarrasgenisprat.com\\\/fr\\\/#website\",\"url\":\"https:\\\/\\\/guitarrasgenisprat.com\\\/fr\\\/\",\"name\":\"Guitarrasgenisprat\",\"description\":\"\",\"potentialAction\":[{\"@type\":\"SearchAction\",\"target\":{\"@type\":\"EntryPoint\",\"urlTemplate\":\"https:\\\/\\\/guitarrasgenisprat.com\\\/fr\\\/?s={search_term_string}\"},\"query-input\":{\"@type\":\"PropertyValueSpecification\",\"valueRequired\":true,\"valueName\":\"search_term_string\"}}],\"inLanguage\":\"fr-FR\"}]}<\/script>\n<!-- \/ Yoast SEO plugin. -->","yoast_head_json":{"title":"Contactez le magasin de sak\u00e9","description":"N'h\u00e9sitez pas \u00e0 nous contacter si vous avez des questions concernant notre sak\u00e9 artisanal.","robots":{"index":"index","follow":"follow","max-snippet":"max-snippet:-1","max-image-preview":"max-image-preview:large","max-video-preview":"max-video-preview:-1"},"canonical":"http:\/\/guitarrasgenisprat.com\/fr\/contact\/","og_locale":"fr_FR","og_type":"article","og_title":"Contactez le magasin de sak\u00e9","og_description":"N'h\u00e9sitez pas \u00e0 nous contacter si vous avez des questions concernant notre sak\u00e9 artisanal.","og_url":"http:\/\/guitarrasgenisprat.com\/fr\/contact\/","og_site_name":"Guitarrasgenisprat","article_modified_time":"2026-01-15T10:51:41+00:00","twitter_card":"summary_large_image","twitter_misc":{"Dur\u00e9e de lecture estim\u00e9e":"17 minutes"},"schema":{"@context":"https:\/\/schema.org","@graph":[{"@type":"WebPage","@id":"http:\/\/guitarrasgenisprat.com\/fr\/contact\/","url":"http:\/\/guitarrasgenisprat.com\/fr\/contact\/","name":"Contactez le magasin de sak\u00e9","isPartOf":{"@id":"https:\/\/guitarrasgenisprat.com\/fr\/#website"},"datePublished":"2026-01-15T10:51:39+00:00","dateModified":"2026-01-15T10:51:41+00:00","description":"N'h\u00e9sitez pas \u00e0 nous contacter si vous avez des questions concernant notre sak\u00e9 artisanal.","breadcrumb":{"@id":"http:\/\/guitarrasgenisprat.com\/fr\/contact\/#breadcrumb"},"inLanguage":"fr-FR","potentialAction":[{"@type":"ReadAction","target":["http:\/\/guitarrasgenisprat.com\/fr\/contact\/"]}]},{"@type":"BreadcrumbList","@id":"http:\/\/guitarrasgenisprat.com\/fr\/contact\/#breadcrumb","itemListElement":[{"@type":"ListItem","position":1,"name":"Inici","item":"https:\/\/guitarrasgenisprat.com\/fr\/"},{"@type":"ListItem","position":2,"name":"Contact"}]},{"@type":"WebSite","@id":"https:\/\/guitarrasgenisprat.com\/fr\/#website","url":"https:\/\/guitarrasgenisprat.com\/fr\/","name":"Guitarrasgenisprat","description":"","potentialAction":[{"@type":"SearchAction","target":{"@type":"EntryPoint","urlTemplate":"https:\/\/guitarrasgenisprat.com\/fr\/?s={search_term_string}"},"query-input":{"@type":"PropertyValueSpecification","valueRequired":true,"valueName":"search_term_string"}}],"inLanguage":"fr-FR"}]}},"_links":{"self":[{"href":"http:\/\/guitarrasgenisprat.com\/fr\/wp-json\/wp\/v2\/pages\/1305","targetHints":{"allow":["GET"]}}],"collection":[{"href":"http:\/\/guitarrasgenisprat.com\/fr\/wp-json\/wp\/v2\/pages"}],"about":[{"href":"http:\/\/guitarrasgenisprat.com\/fr\/wp-json\/wp\/v2\/types\/page"}],"author":[{"embeddable":true,"href":"http:\/\/guitarrasgenisprat.com\/fr\/wp-json\/wp\/v2\/users\/3"}],"replies":[{"embeddable":true,"href":"http:\/\/guitarrasgenisprat.com\/fr\/wp-json\/wp\/v2\/comments?post=1305"}],"version-history":[{"count":4,"href":"http:\/\/guitarrasgenisprat.com\/fr\/wp-json\/wp\/v2\/pages\/1305\/revisions"}],"predecessor-version":[{"id":1376,"href":"http:\/\/guitarrasgenisprat.com\/fr\/wp-json\/wp\/v2\/pages\/1305\/revisions\/1376"}],"wp:attachment":[{"href":"http:\/\/guitarrasgenisprat.com\/fr\/wp-json\/wp\/v2\/media?parent=1305"}],"curies":[{"name":"wp","href":"https:\/\/api.w.org\/{rel}","templated":true}]}}