{"id":1110,"date":"2026-01-15T11:47:10","date_gmt":"2026-01-15T10:47:10","guid":{"rendered":"https:\/\/guitarrasgenisprat.com\/declaration-daccessibilite\/"},"modified":"2026-01-15T11:47:10","modified_gmt":"2026-01-15T10:47:10","slug":"declaration-daccessibilite","status":"publish","type":"page","link":"http:\/\/guitarrasgenisprat.com\/fr\/declaration-daccessibilite\/","title":{"rendered":"D\u00e9claration d&rsquo;accessibilit\u00e9"},"content":{"rendered":"\r\n\r\n<h1>D\u00e9claration d'accessibilit\u00e9<\/h1><p>Gen\u00eds & Prat Luthiers S.L. s'engage \u00e0 rendre son site Web accessible conform\u00e9ment au <a href='https:\/\/www.boe.es\/eli\/es\/rd\/2018\/09\/07\/1112'>d\u00e9cret royal 1112\/2018<\/a> du 7 septembre sur l'accessibilit\u00e9 des sites Web et des applications pour appareils mobiles du secteur public.<\/p>\r\n<p>Cette d\u00e9claration d'accessibilit\u00e9 s'applique \u00e0 ce site Web.<\/p>\r\n<h2>\u00c9tat de conformit\u00e9<\/h2>\r\n<p>Ce site est enti\u00e8rement conforme au RD 1112\/2018.<\/p>\r\n<h2>Contenu non accessible<\/h2>\r\n<p>Le contenu r\u00e9pertori\u00e9 ci-dessous n'est pas accessible pour les raisons suivantes\u00a0:<\/p>\r\n<p><strong>Non-respect du RD 1112\/2018<\/strong><\/p>\r\n<p>Une imbrication incorrecte des balises peut toujours \u00eatre d\u00e9tect\u00e9e.<\/p>\r\n<p>Il pourrait y avoir des erreurs d'\u00e9dition occasionnelles sur le site Web.<\/p>\r\n<p><strong>fardeau disproportionn\u00e9<\/strong><\/p>\r\n<p>Ne s'applique pas.<\/p>\r\n<h2>Pr\u00e9paration de cette d\u00e9claration d'accessibilit\u00e9<\/h2>\r\n<p>Cette d\u00e9claration a \u00e9t\u00e9 pr\u00e9par\u00e9e le 5 mai 2023.<\/p>\r\n<p>La m\u00e9thode utilis\u00e9e pour pr\u00e9parer la d\u00e9claration a \u00e9t\u00e9 une auto-\u00e9valuation effectu\u00e9e par l'entreprise elle-m\u00eame.<\/p>\r\n<h2>Observations et coordonn\u00e9es<\/h2>\r\n<p>Vous pouvez faire des communications sur les exigences d'accessibilit\u00e9 (article 10.2.a) du RD 1112\/2018) telles que\u00a0:<\/p>\r\n<p>\u00a0<\/p>\r\n<ul>\r\n<li>Signaler toute violation possible par ce site Web.<\/li>\r\n<li>Transmettre d'autres difficult\u00e9s d'acc\u00e8s au contenu.<\/li>\r\n<li>Formuler toute autre requ\u00eate ou suggestion d'am\u00e9lioration li\u00e9e \u00e0 l'accessibilit\u00e9 du site Web.<\/li>\r\n<\/ul>\r\n<p>Via notre formulaire de contact, par t\u00e9l\u00e9phone ou en personne \u00e0 notre si\u00e8ge social.<\/p>\r\n<p>Les communications, les plaintes et les demandes d'informations accessibles seront re\u00e7ues et trait\u00e9es par notre \u00e9quipe.<\/p>\n","protected":false},"excerpt":{"rendered":"","protected":false},"author":3,"featured_media":0,"parent":0,"menu_order":0,"comment_status":"closed","ping_status":"closed","template":"","meta":{"footnotes":""},"class_list":["post-1110","page","type-page","status-publish","hentry"],"yoast_head":"<!-- This site is optimized with the Yoast SEO plugin v27.5 - https:\/\/yoast.com\/product\/yoast-seo-wordpress\/ -->\n<title>D\u00e9claration d&#039;accessibilit\u00e9 - Guitarrasgenisprat<\/title>\n<meta name=\"robots\" content=\"noindex, nofollow\" \/>\n<meta property=\"og:locale\" content=\"fr_FR\" \/>\n<meta property=\"og:type\" content=\"article\" \/>\n<meta property=\"og:title\" content=\"D\u00e9claration d&#039;accessibilit\u00e9 - Guitarrasgenisprat\" \/>\n<meta property=\"og:url\" content=\"http:\/\/guitarrasgenisprat.com\/fr\/declaration-daccessibilite\/\" \/>\n<meta property=\"og:site_name\" content=\"Guitarrasgenisprat\" \/>\n<meta name=\"twitter:card\" content=\"summary_large_image\" \/>\n<script type=\"application\/ld+json\" class=\"yoast-schema-graph\">{\"@context\":\"https:\\\/\\\/schema.org\",\"@graph\":[{\"@type\":\"WebPage\",\"@id\":\"http:\\\/\\\/guitarrasgenisprat.com\\\/fr\\\/declaration-daccessibilite\\\/\",\"url\":\"http:\\\/\\\/guitarrasgenisprat.com\\\/fr\\\/declaration-daccessibilite\\\/\",\"name\":\"D\u00e9claration d'accessibilit\u00e9 - Guitarrasgenisprat\",\"isPartOf\":{\"@id\":\"https:\\\/\\\/guitarrasgenisprat.com\\\/fr\\\/#website\"},\"datePublished\":\"2026-01-15T10:47:10+00:00\",\"breadcrumb\":{\"@id\":\"http:\\\/\\\/guitarrasgenisprat.com\\\/fr\\\/declaration-daccessibilite\\\/#breadcrumb\"},\"inLanguage\":\"fr-FR\",\"potentialAction\":[{\"@type\":\"ReadAction\",\"target\":[\"http:\\\/\\\/guitarrasgenisprat.com\\\/fr\\\/declaration-daccessibilite\\\/\"]}]},{\"@type\":\"BreadcrumbList\",\"@id\":\"http:\\\/\\\/guitarrasgenisprat.com\\\/fr\\\/declaration-daccessibilite\\\/#breadcrumb\",\"itemListElement\":[{\"@type\":\"ListItem\",\"position\":1,\"name\":\"Inici\",\"item\":\"https:\\\/\\\/guitarrasgenisprat.com\\\/fr\\\/\"},{\"@type\":\"ListItem\",\"position\":2,\"name\":\"D\u00e9claration d&rsquo;accessibilit\u00e9\"}]},{\"@type\":\"WebSite\",\"@id\":\"https:\\\/\\\/guitarrasgenisprat.com\\\/fr\\\/#website\",\"url\":\"https:\\\/\\\/guitarrasgenisprat.com\\\/fr\\\/\",\"name\":\"Guitarrasgenisprat\",\"description\":\"\",\"potentialAction\":[{\"@type\":\"SearchAction\",\"target\":{\"@type\":\"EntryPoint\",\"urlTemplate\":\"https:\\\/\\\/guitarrasgenisprat.com\\\/fr\\\/?s={search_term_string}\"},\"query-input\":{\"@type\":\"PropertyValueSpecification\",\"valueRequired\":true,\"valueName\":\"search_term_string\"}}],\"inLanguage\":\"fr-FR\"}]}<\/script>\n<!-- \/ Yoast SEO plugin. -->","yoast_head_json":{"title":"D\u00e9claration d'accessibilit\u00e9 - Guitarrasgenisprat","robots":{"index":"noindex","follow":"nofollow"},"og_locale":"fr_FR","og_type":"article","og_title":"D\u00e9claration d'accessibilit\u00e9 - Guitarrasgenisprat","og_url":"http:\/\/guitarrasgenisprat.com\/fr\/declaration-daccessibilite\/","og_site_name":"Guitarrasgenisprat","twitter_card":"summary_large_image","schema":{"@context":"https:\/\/schema.org","@graph":[{"@type":"WebPage","@id":"http:\/\/guitarrasgenisprat.com\/fr\/declaration-daccessibilite\/","url":"http:\/\/guitarrasgenisprat.com\/fr\/declaration-daccessibilite\/","name":"D\u00e9claration d'accessibilit\u00e9 - Guitarrasgenisprat","isPartOf":{"@id":"https:\/\/guitarrasgenisprat.com\/fr\/#website"},"datePublished":"2026-01-15T10:47:10+00:00","breadcrumb":{"@id":"http:\/\/guitarrasgenisprat.com\/fr\/declaration-daccessibilite\/#breadcrumb"},"inLanguage":"fr-FR","potentialAction":[{"@type":"ReadAction","target":["http:\/\/guitarrasgenisprat.com\/fr\/declaration-daccessibilite\/"]}]},{"@type":"BreadcrumbList","@id":"http:\/\/guitarrasgenisprat.com\/fr\/declaration-daccessibilite\/#breadcrumb","itemListElement":[{"@type":"ListItem","position":1,"name":"Inici","item":"https:\/\/guitarrasgenisprat.com\/fr\/"},{"@type":"ListItem","position":2,"name":"D\u00e9claration d&rsquo;accessibilit\u00e9"}]},{"@type":"WebSite","@id":"https:\/\/guitarrasgenisprat.com\/fr\/#website","url":"https:\/\/guitarrasgenisprat.com\/fr\/","name":"Guitarrasgenisprat","description":"","potentialAction":[{"@type":"SearchAction","target":{"@type":"EntryPoint","urlTemplate":"https:\/\/guitarrasgenisprat.com\/fr\/?s={search_term_string}"},"query-input":{"@type":"PropertyValueSpecification","valueRequired":true,"valueName":"search_term_string"}}],"inLanguage":"fr-FR"}]}},"_links":{"self":[{"href":"http:\/\/guitarrasgenisprat.com\/fr\/wp-json\/wp\/v2\/pages\/1110","targetHints":{"allow":["GET"]}}],"collection":[{"href":"http:\/\/guitarrasgenisprat.com\/fr\/wp-json\/wp\/v2\/pages"}],"about":[{"href":"http:\/\/guitarrasgenisprat.com\/fr\/wp-json\/wp\/v2\/types\/page"}],"author":[{"embeddable":true,"href":"http:\/\/guitarrasgenisprat.com\/fr\/wp-json\/wp\/v2\/users\/3"}],"replies":[{"embeddable":true,"href":"http:\/\/guitarrasgenisprat.com\/fr\/wp-json\/wp\/v2\/comments?post=1110"}],"version-history":[{"count":0,"href":"http:\/\/guitarrasgenisprat.com\/fr\/wp-json\/wp\/v2\/pages\/1110\/revisions"}],"wp:attachment":[{"href":"http:\/\/guitarrasgenisprat.com\/fr\/wp-json\/wp\/v2\/media?parent=1110"}],"curies":[{"name":"wp","href":"https:\/\/api.w.org\/{rel}","templated":true}]}}